{"id":542,"date":"2021-03-17T17:04:11","date_gmt":"2021-03-17T17:04:11","guid":{"rendered":"https:\/\/abogadassantander.com\/eva-santisteban\/?page_id=542"},"modified":"2021-03-18T15:56:34","modified_gmt":"2021-03-18T15:56:34","slug":"derecho-de-familia","status":"publish","type":"page","link":"https:\/\/abogadassantander.com\/eva-santisteban\/areas-de-especializacion\/derecho-de-familia\/","title":{"rendered":"Derecho de Familia"},"content":{"rendered":"<p>[et_pb_section fb_built=\u00bb1&#8243; fullwidth=\u00bbon\u00bb _builder_version=\u00bb4.9.0&#8243; _module_preset=\u00bbdefault\u00bb max_height=\u00bb250px\u00bb][et_pb_fullwidth_header title=\u00bbDerecho de familia\u00bb background_overlay_color=\u00bbrgba(152,195,212,0.46)\u00bb _builder_version=\u00bb4.9.0&#8243; _module_preset=\u00bbdefault\u00bb title_text_align=\u00bbcenter\u00bb background_color=\u00bbRGBA(0,0,0,0)\u00bb background_image=\u00bbhttps:\/\/abogadassantander.com\/eva-santisteban\/wp-content\/uploads\/2021\/03\/FS_-7-scaled.jpg\u00bb min_height=\u00bb250px\u00bb max_height=\u00bb220px\u00bb text_shadow_style=\u00bbpreset2&#8243;][\/et_pb_fullwidth_header][\/et_pb_section][et_pb_section fb_built=\u00bb1&#8243; _builder_version=\u00bb4.9.0&#8243; _module_preset=\u00bbdefault\u00bb background_color=\u00bb#f7f7f7&#8243; min_height=\u00bb490.5px\u00bb custom_margin=\u00bb||||false|false\u00bb custom_padding=\u00bb||0px|0px|false|false\u00bb top_divider_color=\u00bb#FFFFFF\u00bb min_height__hover_enabled=\u00bbon|desktop\u00bb][et_pb_row _builder_version=\u00bb4.9.0&#8243; _module_preset=\u00bbdefault\u00bb][et_pb_column type=\u00bb4_4&#8243; _builder_version=\u00bb4.9.0&#8243; _module_preset=\u00bbdefault\u00bb][et_pb_text _builder_version=\u00bb4.9.0&#8243; _module_preset=\u00bbdefault\u00bb]<\/p>\n<p style=\"text-align: justify;\"><span>En el derecho de familia tan importante es asistir como aconsejar al cliente en las distintas situaciones y conflictos que se producen en su seno familiar. Los asuntos de derecho de familia est\u00e1n vinculados con la esfera personal generando un gran impacto emocional y personal.<\/span><\/p>\n<p style=\"text-align: justify;\"><span>Como abogada ejerciente en el derecho de familia soy conocedora de la necesidad de nuestro asesoramiento garantizando que tus seres queridos est\u00e9n representados y asistidos durante cualquier proceso legal.\u00a0<\/span><\/p>\n<p style=\"text-align: justify;\"><span>Tras la ruptura sentimental es necesario regular la tramitaci\u00f3n legal siempre compleja en los procesos de divorcio, separaci\u00f3n o en la ruptura de una pareja de hecho.<\/span><\/p>\n<p style=\"text-align: justify;\"><span>Te asesoramos y representamos procesalmente en cualquier asunto relacionado con la crisis matrimonial o de parejas de hecho, medidas que afectan a los menores y liquidaci\u00f3n de patrimonio com\u00fan as\u00ed como modificaciones de medidas acordadas judicialmente.<\/span><\/p>\n<p>[\/et_pb_text][\/et_pb_column][\/et_pb_row][et_pb_row column_structure=\u00bb1_2,1_2&#8243; _builder_version=\u00bb4.9.1&#8243; _module_preset=\u00bbdefault\u00bb width=\u00bb78.1%\u00bb custom_margin=\u00bb|auto|-19px|auto|false|false\u00bb custom_padding=\u00bb||4px||false|false\u00bb][et_pb_column type=\u00bb1_2&#8243; _builder_version=\u00bb4.9.1&#8243; _module_preset=\u00bbdefault\u00bb][et_pb_text _builder_version=\u00bb4.9.0&#8243; _module_preset=\u00bbdefault\u00bb hover_enabled=\u00bb0&#8243; header_font=\u00bb|300|||||||\u00bb header_2_font=\u00bb|300|||||||\u00bb header_2_font_size=\u00bb39px\u00bb header_2_letter_spacing=\u00bb-1px\u00bb sticky_enabled=\u00bb0&#8243;]<\/p>\n<h2>Crisis Familiares<\/h2>\n<p><strong><\/strong><\/p>\n<ul>\n<li>Divorcio y\/o separaci\u00f3n contencioso<\/li>\n<li>Nulidades<\/li>\n<li>Divorcio y\/o separaci\u00f3n de mutuo acuerdo. Convenios Reguladores<\/li>\n<li>Parejas o uniones de hecho. Medidas paterno-filiales<\/li>\n<li>Demanda de paternidad<\/li>\n<li>Medidas provisionales y previas<\/li>\n<li>Medidas urgentes en relaci\u00f3n a la protecci\u00f3n del menor<\/li>\n<li>Medidas cautelares<\/li>\n<li>Modificaci\u00f3n de medidas<\/li>\n<li>Custodia compartida y exclusiva<\/li>\n<li>R\u00e9gimen de visitas<\/li>\n<li>Pensi\u00f3n de alimentos<\/li>\n<li>Vivienda familiar<\/li>\n<li>Pensi\u00f3n compensatoria<\/li>\n<li>Indemnizaciones (1438 C.c)<\/li>\n<li>Cargas del matrimonio<\/li>\n<li>Liquidaci\u00f3n de gananciales y otros reg\u00edmenes econ\u00f3micos<\/li>\n<li>Redacci\u00f3n de capitulaciones<\/li>\n<li>Divisi\u00f3n cosa com\u00fan<\/li>\n<li>Patria potestad (Solicitud autorizaci\u00f3n para cambio de residencia del menor, cambio del colegio etc\u2026)<\/li>\n<li>Expedientes de jurisdicci\u00f3n voluntaria<\/li>\n<li>Declaraci\u00f3n y reclamaci\u00f3n de gastos extraordinarios<\/li>\n<li>Ejecuciones de sentencia por impago de pensiones y dem\u00e1s incumplimientos<\/li>\n<\/ul>\n<p>[\/et_pb_text][et_pb_text _builder_version=\u00bb4.9.0&#8243; _module_preset=\u00bbdefault\u00bb hover_enabled=\u00bb0&#8243; header_2_font=\u00bb|300|||||||\u00bb header_font=\u00bb|300|||||||\u00bb header_font_size=\u00bb34px\u00bb sticky_enabled=\u00bb0&#8243; header_2_font_size=\u00bb39px\u00bb header_2_letter_spacing=\u00bb-1px\u00bb header_2_line_height=\u00bb1.2em\u00bb]<\/p>\n<h2>Menores e incapaces\u00a0 \u00a0 \u00a0 \u00a0 \u00a0 \u00a0 \u00a0 \u00a0\u00a0<\/h2>\n<ul>\n<li>Tutela y curatela<\/li>\n<li>Incapacitaci\u00f3n judicial<\/li>\n<li>Alimentos entres parientes<\/li>\n<li>Protecci\u00f3n de menores e incapaces<\/li>\n<li>Prohibici\u00f3n salida del pa\u00eds, cierre de fronteras<\/li>\n<li>Filiaci\u00f3n<\/li>\n<li>Adopci\u00f3n<\/li>\n<li>Emancipaci\u00f3n<\/li>\n<li>Otras materias de derecho de familia<\/li>\n<\/ul>\n<p>[\/et_pb_text][\/et_pb_column][et_pb_column type=\u00bb1_2&#8243; _builder_version=\u00bb4.9.1&#8243; _module_preset=\u00bbdefault\u00bb][et_pb_image src=\u00bbhttps:\/\/abogadassantander.com\/eva-santisteban\/wp-content\/uploads\/2021\/03\/derecho-de-familia-2.jpg\u00bb title_text=\u00bbderecho-de-familia-2&#8243; show_bottom_space=\u00bboff\u00bb align=\u00bbcenter\u00bb _builder_version=\u00bb4.9.0&#8243; _module_preset=\u00bbdefault\u00bb animation_style=\u00bbfold\u00bb animation_direction=\u00bbleft\u00bb border_width_all=\u00bb6px\u00bb border_color_all=\u00bb#FFFFFF\u00bb box_shadow_style=\u00bbpreset1&#8243;][\/et_pb_image][\/et_pb_column][\/et_pb_row][et_pb_row _builder_version=\u00bb4.9.1&#8243; _module_preset=\u00bbdefault\u00bb][et_pb_column type=\u00bb4_4&#8243; _builder_version=\u00bb4.9.1&#8243; _module_preset=\u00bbdefault\u00bb][et_pb_divider show_divider=\u00bboff\u00bb _builder_version=\u00bb4.9.1&#8243; _module_preset=\u00bbdefault\u00bb height=\u00bb80px\u00bb][\/et_pb_divider][\/et_pb_column][\/et_pb_row][\/et_pb_section][et_pb_section fb_built=\u00bb1&#8243; fullwidth=\u00bbon\u00bb _builder_version=\u00bb4.9.1&#8243; _module_preset=\u00bbdefault\u00bb][et_pb_fullwidth_header title=\u00bb \u00bfHablamos? \u00bb _builder_version=\u00bb4.9.1&#8243; _module_preset=\u00bbdefault\u00bb title_font=\u00bbRaleway|200|||||||\u00bb title_text_align=\u00bbcenter\u00bb title_font_size=\u00bb50px\u00bb title_letter_spacing=\u00bb-1px\u00bb content_font_size=\u00bb52px\u00bb content_letter_spacing=\u00bb-1px\u00bb content_line_height=\u00bb1.8em\u00bb use_background_color_gradient=\u00bbon\u00bb background_color_gradient_start=\u00bb#abc1d2&#8243; background_color_gradient_end=\u00bbrgba(171,193,210,0.83)\u00bb background_color_gradient_type=\u00bbradial\u00bb background_color_gradient_overlays_image=\u00bbon\u00bb background_image=\u00bbhttps:\/\/abogadassantander.com\/eva-santisteban\/wp-content\/uploads\/2021\/03\/f-s-abogadas-santander-oficina-1.jpg\u00bb]<\/p>\n<p style=\"text-align: center;\"><span style=\"color: #ffffff;\"><a href=\"https:\/\/abogadassantander.com\/rosa-fernandez\/contacto\/\" style=\"color: #ffffff;\">Pide tu Cita<\/a><\/span><\/p>\n<p>[\/et_pb_fullwidth_header][\/et_pb_section][et_pb_section fb_built=\u00bb1&#8243; _builder_version=\u00bb4.9.1&#8243; _module_preset=\u00bbdefault\u00bb][et_pb_row _builder_version=\u00bb4.9.1&#8243; _module_preset=\u00bbdefault\u00bb][et_pb_column type=\u00bb4_4&#8243; _builder_version=\u00bb4.9.1&#8243; _module_preset=\u00bbdefault\u00bb][et_pb_divider show_divider=\u00bboff\u00bb _builder_version=\u00bb4.9.1&#8243; _module_preset=\u00bbdefault\u00bb height=\u00bb80px\u00bb][\/et_pb_divider][\/et_pb_column][\/et_pb_row][\/et_pb_section]<\/p>\n","protected":false},"excerpt":{"rendered":"<p>[et_pb_section fb_built=\u00bb1&#8243; fullwidth=\u00bbon\u00bb _builder_version=\u00bb4.9.0&#8243; _module_preset=\u00bbdefault\u00bb max_height=\u00bb250px\u00bb][et_pb_fullwidth_header title=\u00bbDerecho de familia\u00bb background_overlay_color=\u00bbrgba(152,195,212,0.46)\u00bb _builder_version=\u00bb4.9.0&#8243; _module_preset=\u00bbdefault\u00bb title_text_align=\u00bbcenter\u00bb background_color=\u00bbRGBA(0,0,0,0)\u00bb background_image=\u00bbhttps:\/\/abogadassantander.com\/eva-santisteban\/wp-content\/uploads\/2021\/03\/FS_-7-scaled.jpg\u00bb min_height=\u00bb250px\u00bb max_height=\u00bb220px\u00bb text_shadow_style=\u00bbpreset2&#8243;][\/et_pb_fullwidth_header][\/et_pb_section][et_pb_section fb_built=\u00bb1&#8243; _builder_version=\u00bb4.9.0&#8243; _module_preset=\u00bbdefault\u00bb background_color=\u00bb#f7f7f7&#8243; min_height=\u00bb490.5px\u00bb custom_margin=\u00bb||||false|false\u00bb custom_padding=\u00bb||0px|0px|false|false\u00bb top_divider_color=\u00bb#FFFFFF\u00bb min_height__hover_enabled=\u00bbon|desktop\u00bb][et_pb_row _builder_version=\u00bb4.9.0&#8243; _module_preset=\u00bbdefault\u00bb][et_pb_column type=\u00bb4_4&#8243; _builder_version=\u00bb4.9.0&#8243; _module_preset=\u00bbdefault\u00bb][et_pb_text _builder_version=\u00bb4.9.0&#8243; _module_preset=\u00bbdefault\u00bb] En el derecho de familia tan importante es asistir como aconsejar al cliente en las distintas situaciones y conflictos que se [&hellip;]<\/p>\n","protected":false},"author":1,"featured_media":0,"parent":271,"menu_order":0,"comment_status":"closed","ping_status":"closed","template":"","meta":{"_et_pb_use_builder":"on","_et_pb_old_content":"","_et_gb_content_width":"","_joinchat":[],"footnotes":""},"class_list":["post-542","page","type-page","status-publish","hentry"],"_links":{"self":[{"href":"https:\/\/abogadassantander.com\/eva-santisteban\/wp-json\/wp\/v2\/pages\/542","targetHints":{"allow":["GET"]}}],"collection":[{"href":"https:\/\/abogadassantander.com\/eva-santisteban\/wp-json\/wp\/v2\/pages"}],"about":[{"href":"https:\/\/abogadassantander.com\/eva-santisteban\/wp-json\/wp\/v2\/types\/page"}],"author":[{"embeddable":true,"href":"https:\/\/abogadassantander.com\/eva-santisteban\/wp-json\/wp\/v2\/users\/1"}],"replies":[{"embeddable":true,"href":"https:\/\/abogadassantander.com\/eva-santisteban\/wp-json\/wp\/v2\/comments?post=542"}],"version-history":[{"count":11,"href":"https:\/\/abogadassantander.com\/eva-santisteban\/wp-json\/wp\/v2\/pages\/542\/revisions"}],"predecessor-version":[{"id":720,"href":"https:\/\/abogadassantander.com\/eva-santisteban\/wp-json\/wp\/v2\/pages\/542\/revisions\/720"}],"up":[{"embeddable":true,"href":"https:\/\/abogadassantander.com\/eva-santisteban\/wp-json\/wp\/v2\/pages\/271"}],"wp:attachment":[{"href":"https:\/\/abogadassantander.com\/eva-santisteban\/wp-json\/wp\/v2\/media?parent=542"}],"curies":[{"name":"wp","href":"https:\/\/api.w.org\/{rel}","templated":true}]}}