{"id":653,"date":"2021-03-16T13:02:28","date_gmt":"2021-03-16T13:02:28","guid":{"rendered":"https:\/\/abogadassantander.com\/rosa-fernandez\/?page_id=653"},"modified":"2021-03-18T12:25:53","modified_gmt":"2021-03-18T12:25:53","slug":"derecho-administrativo","status":"publish","type":"page","link":"https:\/\/abogadassantander.com\/rosa-fernandez\/areas_de_especialidad\/derecho-administrativo\/","title":{"rendered":"Derecho Administrativo"},"content":{"rendered":"<p>[et_pb_section fb_built=\u00bb1&#8243; fullwidth=\u00bbon\u00bb _builder_version=\u00bb4.9.0&#8243; _module_preset=\u00bbdefault\u00bb max_height=\u00bb250px\u00bb][et_pb_fullwidth_header title=\u00bbDerecho Administrativo\u00bb background_overlay_color=\u00bbrgba(152,195,212,0.46)\u00bb _builder_version=\u00bb4.9.0&#8243; _module_preset=\u00bbdefault\u00bb title_text_align=\u00bbcenter\u00bb background_color=\u00bbRGBA(0,0,0,0)\u00bb background_image=\u00bbhttps:\/\/abogadassantander.com\/rosa-fernandez\/wp-content\/uploads\/2021\/03\/f-s-abogadas-santander-oficina.jpg\u00bb min_height=\u00bb250px\u00bb max_height=\u00bb220px\u00bb text_shadow_style=\u00bbpreset2&#8243;][\/et_pb_fullwidth_header][\/et_pb_section][et_pb_section fb_built=\u00bb1&#8243; _builder_version=\u00bb4.9.1&#8243; _module_preset=\u00bbdefault\u00bb custom_margin=\u00bb||||false|false\u00bb custom_padding=\u00bb||||false|false\u00bb][et_pb_row _builder_version=\u00bb4.9.1&#8243; _module_preset=\u00bbdefault\u00bb][et_pb_column type=\u00bb4_4&#8243; _builder_version=\u00bb4.9.1&#8243; _module_preset=\u00bbdefault\u00bb][et_pb_text _builder_version=\u00bb4.9.1&#8243; _module_preset=\u00bbdefault\u00bb]<\/p>\n<p>Dentro del derecho administrativo vengo prestando servicios en dos \u00e1reas espec\u00edficas:<\/p>\n<p>[\/et_pb_text][\/et_pb_column][\/et_pb_row][et_pb_row column_structure=\u00bb1_2,1_2&#8243; _builder_version=\u00bb4.9.1&#8243; _module_preset=\u00bbdefault\u00bb custom_padding=\u00bb50px|||||\u00bb][et_pb_column type=\u00bb1_2&#8243; _builder_version=\u00bb4.9.1&#8243; _module_preset=\u00bbdefault\u00bb][et_pb_text _builder_version=\u00bb4.9.1&#8243; _module_preset=\u00bbdefault\u00bb hover_enabled=\u00bb0&#8243; header_2_font=\u00bb|300|||||||\u00bb sticky_enabled=\u00bb0&#8243; header_2_font_size=\u00bb33px\u00bb header_2_letter_spacing=\u00bb-1px\u00bb header_2_line_height=\u00bb1.3em\u00bb]<\/p>\n<h2>Derecho de extranjer\u00eda:<\/h2>\n<p>&nbsp;<\/p>\n<p><strong>\u2022 Nacionalidad espa\u00f1ola<\/strong><\/p>\n<p style=\"padding-left: 40px;\">Tramitaci\u00f3n de nacionalidad espa\u00f1ola de forma \u00e1gil y r\u00e1pida a trav\u00e9s del CGAE<\/p>\n<p><strong>\u2022 Arraigo social<\/strong><\/p>\n<p style=\"padding-left: 40px;\">Autorizaci\u00f3n de residencia y trabajo para inmigrantes indocumentados<\/p>\n<p><strong>\u2022 Tarjeta de Familiar CU<\/strong><\/p>\n<p style=\"padding-left: 40px;\">Autorizaci\u00f3n de residencia y trabajo para familiares de ciudadanos de la UE<\/p>\n<p><strong>\u2022 Reagrupaci\u00f3n familiar<\/strong><\/p>\n<p style=\"padding-left: 40px;\">Reagrupaci\u00f3n familiar en r\u00e9gimen comunitario y r\u00e9gimen general<\/p>\n<p><strong>\u2022 Representaci\u00f3n, direcci\u00f3n y asistencia letrada en procedimientos administrativos<\/strong><\/p>\n<p><strong>\u2022 Solicitudes y recursos administrativo.<\/strong><\/p>\n<p>[\/et_pb_text][\/et_pb_column][et_pb_column type=\u00bb1_2&#8243; _builder_version=\u00bb4.9.1&#8243; _module_preset=\u00bbdefault\u00bb][et_pb_image src=\u00bbhttps:\/\/abogadassantander.com\/rosa-fernandez\/wp-content\/uploads\/2021\/03\/extranjeria-santander.jpg\u00bb title_text=\u00bbextranjeria-santander\u00bb show_bottom_space=\u00bboff\u00bb align=\u00bbcenter\u00bb _builder_version=\u00bb4.9.1&#8243; _module_preset=\u00bbdefault\u00bb max_height=\u00bb399px\u00bb animation_style=\u00bbfold\u00bb animation_direction=\u00bbleft\u00bb border_width_all=\u00bb6px\u00bb border_color_all=\u00bb#FFFFFF\u00bb box_shadow_style=\u00bbpreset1&#8243;][\/et_pb_image][\/et_pb_column][\/et_pb_row][et_pb_row column_structure=\u00bb1_2,1_2&#8243; _builder_version=\u00bb4.9.1&#8243; _module_preset=\u00bbdefault\u00bb][et_pb_column type=\u00bb1_2&#8243; _builder_version=\u00bb4.9.1&#8243; _module_preset=\u00bbdefault\u00bb][et_pb_text _builder_version=\u00bb4.9.1&#8243; _module_preset=\u00bbdefault\u00bb hover_enabled=\u00bb0&#8243; header_2_font=\u00bb|300|||||||\u00bb header_2_font_size=\u00bb33px\u00bb header_2_letter_spacing=\u00bb-1px\u00bb header_2_line_height=\u00bb1.4em\u00bb sticky_enabled=\u00bb0&#8243;]<\/p>\n<h2>Derecho Sanitario:<\/h2>\n<p><strong><\/strong><\/p>\n<p>M\u00e1s de 15 a\u00f1os de asesoramiento profesional a Colegios profesionales de enfermer\u00eda y psicolog\u00eda con tramitaci\u00f3n de m\u00e1s de 1000 expedientes en materia de personal estatutario y funcionarial. Experta en Mediaci\u00f3n Sanitaria.<\/p>\n<p><strong>Servicios:<\/strong><\/p>\n<p>&nbsp;<\/p>\n<ul>\n<li>Reclamaciones de derechos y cantidad<\/li>\n<li>Procesos selectivos<\/li>\n<li>Negligencia profesional<\/li>\n<\/ul>\n<p>[\/et_pb_text][\/et_pb_column][et_pb_column type=\u00bb1_2&#8243; _builder_version=\u00bb4.9.1&#8243; _module_preset=\u00bbdefault\u00bb][et_pb_image src=\u00bbhttps:\/\/abogadassantander.com\/rosa-fernandez\/wp-content\/uploads\/2021\/03\/derecho-sanitario_ecija.jpg\u00bb title_text=\u00bbderecho-sanitario_ecija\u00bb show_bottom_space=\u00bboff\u00bb align=\u00bbcenter\u00bb _builder_version=\u00bb4.9.1&#8243; _module_preset=\u00bbdefault\u00bb max_height=\u00bb399px\u00bb animation_style=\u00bbfold\u00bb animation_direction=\u00bbleft\u00bb border_width_all=\u00bb6px\u00bb border_color_all=\u00bb#FFFFFF\u00bb box_shadow_style=\u00bbpreset1&#8243;][\/et_pb_image][\/et_pb_column][\/et_pb_row][et_pb_row _builder_version=\u00bb4.9.1&#8243; _module_preset=\u00bbdefault\u00bb][et_pb_column type=\u00bb4_4&#8243; _builder_version=\u00bb4.9.1&#8243; _module_preset=\u00bbdefault\u00bb][et_pb_divider show_divider=\u00bboff\u00bb _builder_version=\u00bb4.9.1&#8243; _module_preset=\u00bbdefault\u00bb height=\u00bb80px\u00bb][\/et_pb_divider][\/et_pb_column][\/et_pb_row][\/et_pb_section][et_pb_section fb_built=\u00bb1&#8243; fullwidth=\u00bbon\u00bb _builder_version=\u00bb4.9.1&#8243; _module_preset=\u00bbdefault\u00bb][et_pb_fullwidth_header title=\u00bb \u00bfHablamos? \u00bb _builder_version=\u00bb4.9.1&#8243; _module_preset=\u00bbdefault\u00bb title_font=\u00bbRaleway|200|||||||\u00bb title_text_align=\u00bbcenter\u00bb title_font_size=\u00bb50px\u00bb title_letter_spacing=\u00bb-1px\u00bb content_font_size=\u00bb52px\u00bb content_letter_spacing=\u00bb-1px\u00bb content_line_height=\u00bb1.8em\u00bb use_background_color_gradient=\u00bbon\u00bb background_color_gradient_start=\u00bb#abc1d2&#8243; background_color_gradient_end=\u00bbrgba(171,193,210,0.83)\u00bb background_color_gradient_type=\u00bbradial\u00bb background_color_gradient_overlays_image=\u00bbon\u00bb background_image=\u00bbhttps:\/\/abogadassantander.com\/rosa-fernandez\/wp-content\/uploads\/2021\/03\/f-s-abogadas-santander-oficina-1.jpg\u00bb]<\/p>\n<p style=\"text-align: center;\"><span style=\"color: #ffffff;\"><a href=\"https:\/\/abogadassantander.com\/rosa-fernandez\/contacto\/\" style=\"color: #ffffff;\">Pide tu Cita<\/a><\/span><\/p>\n<p>[\/et_pb_fullwidth_header][\/et_pb_section][et_pb_section fb_built=\u00bb1&#8243; _builder_version=\u00bb4.9.1&#8243; _module_preset=\u00bbdefault\u00bb][et_pb_row _builder_version=\u00bb4.9.1&#8243; _module_preset=\u00bbdefault\u00bb][et_pb_column type=\u00bb4_4&#8243; _builder_version=\u00bb4.9.1&#8243; _module_preset=\u00bbdefault\u00bb][et_pb_divider show_divider=\u00bboff\u00bb _builder_version=\u00bb4.9.1&#8243; _module_preset=\u00bbdefault\u00bb height=\u00bb80px\u00bb][\/et_pb_divider][\/et_pb_column][\/et_pb_row][\/et_pb_section]<\/p>\n","protected":false},"excerpt":{"rendered":"<p>[et_pb_section fb_built=\u00bb1&#8243; fullwidth=\u00bbon\u00bb _builder_version=\u00bb4.9.0&#8243; _module_preset=\u00bbdefault\u00bb max_height=\u00bb250px\u00bb][et_pb_fullwidth_header title=\u00bbDerecho Administrativo\u00bb background_overlay_color=\u00bbrgba(152,195,212,0.46)\u00bb _builder_version=\u00bb4.9.0&#8243; _module_preset=\u00bbdefault\u00bb title_text_align=\u00bbcenter\u00bb background_color=\u00bbRGBA(0,0,0,0)\u00bb background_image=\u00bbhttps:\/\/abogadassantander.com\/rosa-fernandez\/wp-content\/uploads\/2021\/03\/f-s-abogadas-santander-oficina.jpg\u00bb min_height=\u00bb250px\u00bb max_height=\u00bb220px\u00bb text_shadow_style=\u00bbpreset2&#8243;][\/et_pb_fullwidth_header][\/et_pb_section][et_pb_section fb_built=\u00bb1&#8243; _builder_version=\u00bb4.9.1&#8243; _module_preset=\u00bbdefault\u00bb custom_margin=\u00bb||||false|false\u00bb custom_padding=\u00bb||||false|false\u00bb][et_pb_row _builder_version=\u00bb4.9.1&#8243; _module_preset=\u00bbdefault\u00bb][et_pb_column type=\u00bb4_4&#8243; _builder_version=\u00bb4.9.1&#8243; _module_preset=\u00bbdefault\u00bb][et_pb_text _builder_version=\u00bb4.9.1&#8243; _module_preset=\u00bbdefault\u00bb] Dentro del derecho administrativo vengo prestando servicios en dos \u00e1reas espec\u00edficas: [\/et_pb_text][\/et_pb_column][\/et_pb_row][et_pb_row column_structure=\u00bb1_2,1_2&#8243; _builder_version=\u00bb4.9.1&#8243; _module_preset=\u00bbdefault\u00bb custom_padding=\u00bb50px|||||\u00bb][et_pb_column type=\u00bb1_2&#8243; _builder_version=\u00bb4.9.1&#8243; _module_preset=\u00bbdefault\u00bb][et_pb_text _builder_version=\u00bb4.9.1&#8243; _module_preset=\u00bbdefault\u00bb hover_enabled=\u00bb0&#8243; header_2_font=\u00bb|300|||||||\u00bb sticky_enabled=\u00bb0&#8243; header_2_font_size=\u00bb33px\u00bb header_2_letter_spacing=\u00bb-1px\u00bb [&hellip;]<\/p>\n","protected":false},"author":1,"featured_media":0,"parent":576,"menu_order":0,"comment_status":"closed","ping_status":"closed","template":"","meta":{"_et_pb_use_builder":"on","_et_pb_old_content":"","_et_gb_content_width":"","_joinchat":[],"footnotes":""},"class_list":["post-653","page","type-page","status-publish","hentry"],"yoast_head":"<!-- This site is optimized with the Yoast SEO plugin v18.0 - https:\/\/yoast.com\/wordpress\/plugins\/seo\/ -->\n<title>Derecho Administrativo - Abogada en Santander Rosa Fern\u00e1ndez<\/title>\n<meta name=\"robots\" content=\"index, follow, max-snippet:-1, max-image-preview:large, max-video-preview:-1\" \/>\n<link rel=\"canonical\" href=\"https:\/\/abogadassantander.com\/rosa-fernandez\/areas_de_especialidad\/derecho-administrativo\/\" \/>\n<meta property=\"og:locale\" content=\"es_ES\" \/>\n<meta property=\"og:type\" content=\"article\" \/>\n<meta property=\"og:title\" content=\"Derecho Administrativo - Abogada en Santander Rosa Fern\u00e1ndez\" \/>\n<meta property=\"og:description\" content=\"[et_pb_section fb_built=\u00bb1&#8243; fullwidth=\u00bbon\u00bb _builder_version=\u00bb4.9.0&#8243; _module_preset=\u00bbdefault\u00bb max_height=\u00bb250px\u00bb][et_pb_fullwidth_header title=\u00bbDerecho Administrativo\u00bb background_overlay_color=\u00bbrgba(152,195,212,0.46)\u00bb _builder_version=\u00bb4.9.0&#8243; _module_preset=\u00bbdefault\u00bb title_text_align=\u00bbcenter\u00bb background_color=\u00bbRGBA(0,0,0,0)\u00bb background_image=\u00bbhttps:\/\/abogadassantander.com\/rosa-fernandez\/wp-content\/uploads\/2021\/03\/f-s-abogadas-santander-oficina.jpg\u00bb min_height=\u00bb250px\u00bb max_height=\u00bb220px\u00bb text_shadow_style=\u00bbpreset2&#8243;][\/et_pb_fullwidth_header][\/et_pb_section][et_pb_section fb_built=\u00bb1&#8243; _builder_version=\u00bb4.9.1&#8243; _module_preset=\u00bbdefault\u00bb custom_margin=\u00bb||||false|false\u00bb custom_padding=\u00bb||||false|false\u00bb][et_pb_row _builder_version=\u00bb4.9.1&#8243; _module_preset=\u00bbdefault\u00bb][et_pb_column type=\u00bb4_4&#8243; _builder_version=\u00bb4.9.1&#8243; _module_preset=\u00bbdefault\u00bb][et_pb_text _builder_version=\u00bb4.9.1&#8243; _module_preset=\u00bbdefault\u00bb] Dentro del derecho administrativo vengo prestando servicios en dos \u00e1reas espec\u00edficas: [\/et_pb_text][\/et_pb_column][\/et_pb_row][et_pb_row column_structure=\u00bb1_2,1_2&#8243; _builder_version=\u00bb4.9.1&#8243; _module_preset=\u00bbdefault\u00bb custom_padding=\u00bb50px|||||\u00bb][et_pb_column type=\u00bb1_2&#8243; _builder_version=\u00bb4.9.1&#8243; _module_preset=\u00bbdefault\u00bb][et_pb_text _builder_version=\u00bb4.9.1&#8243; _module_preset=\u00bbdefault\u00bb hover_enabled=\u00bb0&#8243; header_2_font=\u00bb|300|||||||\u00bb sticky_enabled=\u00bb0&#8243; header_2_font_size=\u00bb33px\u00bb header_2_letter_spacing=\u00bb-1px\u00bb [&hellip;]\" \/>\n<meta property=\"og:url\" content=\"https:\/\/abogadassantander.com\/rosa-fernandez\/areas_de_especialidad\/derecho-administrativo\/\" \/>\n<meta property=\"og:site_name\" content=\"Abogada en Santander Rosa Fern\u00e1ndez\" \/>\n<meta property=\"article:modified_time\" content=\"2021-03-18T12:25:53+00:00\" \/>\n<meta name=\"twitter:card\" content=\"summary_large_image\" \/>\n<meta name=\"twitter:label1\" content=\"Tiempo de lectura\" \/>\n\t<meta name=\"twitter:data1\" content=\"3 minutos\" \/>\n<script type=\"application\/ld+json\" class=\"yoast-schema-graph\">{\"@context\":\"https:\/\/schema.org\",\"@graph\":[{\"@type\":\"WebSite\",\"@id\":\"https:\/\/abogadassantander.com\/rosa-fernandez\/#website\",\"url\":\"https:\/\/abogadassantander.com\/rosa-fernandez\/\",\"name\":\"Abogada en Santander Rosa Fern\u00e1ndez\",\"description\":\"Rosa Fern\u00e1ndez abogada especialista en Derecho de Familia, Derecho Laboral y Desahucios.\",\"potentialAction\":[{\"@type\":\"SearchAction\",\"target\":{\"@type\":\"EntryPoint\",\"urlTemplate\":\"https:\/\/abogadassantander.com\/rosa-fernandez\/?s={search_term_string}\"},\"query-input\":\"required name=search_term_string\"}],\"inLanguage\":\"es\"},{\"@type\":\"WebPage\",\"@id\":\"https:\/\/abogadassantander.com\/rosa-fernandez\/areas_de_especialidad\/derecho-administrativo\/#webpage\",\"url\":\"https:\/\/abogadassantander.com\/rosa-fernandez\/areas_de_especialidad\/derecho-administrativo\/\",\"name\":\"Derecho Administrativo - Abogada en Santander Rosa Fern\u00e1ndez\",\"isPartOf\":{\"@id\":\"https:\/\/abogadassantander.com\/rosa-fernandez\/#website\"},\"datePublished\":\"2021-03-16T13:02:28+00:00\",\"dateModified\":\"2021-03-18T12:25:53+00:00\",\"breadcrumb\":{\"@id\":\"https:\/\/abogadassantander.com\/rosa-fernandez\/areas_de_especialidad\/derecho-administrativo\/#breadcrumb\"},\"inLanguage\":\"es\",\"potentialAction\":[{\"@type\":\"ReadAction\",\"target\":[\"https:\/\/abogadassantander.com\/rosa-fernandez\/areas_de_especialidad\/derecho-administrativo\/\"]}]},{\"@type\":\"BreadcrumbList\",\"@id\":\"https:\/\/abogadassantander.com\/rosa-fernandez\/areas_de_especialidad\/derecho-administrativo\/#breadcrumb\",\"itemListElement\":[{\"@type\":\"ListItem\",\"position\":1,\"name\":\"Portada\",\"item\":\"https:\/\/abogadassantander.com\/rosa-fernandez\/\"},{\"@type\":\"ListItem\",\"position\":2,\"name\":\"\u00c1reas\",\"item\":\"https:\/\/abogadassantander.com\/rosa-fernandez\/areas_de_especialidad\/\"},{\"@type\":\"ListItem\",\"position\":3,\"name\":\"Derecho Administrativo\"}]}]}<\/script>\n<!-- \/ Yoast SEO plugin. -->","yoast_head_json":{"title":"Derecho Administrativo - Abogada en Santander Rosa Fern\u00e1ndez","robots":{"index":"index","follow":"follow","max-snippet":"max-snippet:-1","max-image-preview":"max-image-preview:large","max-video-preview":"max-video-preview:-1"},"canonical":"https:\/\/abogadassantander.com\/rosa-fernandez\/areas_de_especialidad\/derecho-administrativo\/","og_locale":"es_ES","og_type":"article","og_title":"Derecho Administrativo - Abogada en Santander Rosa Fern\u00e1ndez","og_description":"[et_pb_section fb_built=\u00bb1&#8243; fullwidth=\u00bbon\u00bb _builder_version=\u00bb4.9.0&#8243; _module_preset=\u00bbdefault\u00bb max_height=\u00bb250px\u00bb][et_pb_fullwidth_header title=\u00bbDerecho Administrativo\u00bb background_overlay_color=\u00bbrgba(152,195,212,0.46)\u00bb _builder_version=\u00bb4.9.0&#8243; _module_preset=\u00bbdefault\u00bb title_text_align=\u00bbcenter\u00bb background_color=\u00bbRGBA(0,0,0,0)\u00bb background_image=\u00bbhttps:\/\/abogadassantander.com\/rosa-fernandez\/wp-content\/uploads\/2021\/03\/f-s-abogadas-santander-oficina.jpg\u00bb min_height=\u00bb250px\u00bb max_height=\u00bb220px\u00bb text_shadow_style=\u00bbpreset2&#8243;][\/et_pb_fullwidth_header][\/et_pb_section][et_pb_section fb_built=\u00bb1&#8243; _builder_version=\u00bb4.9.1&#8243; _module_preset=\u00bbdefault\u00bb custom_margin=\u00bb||||false|false\u00bb custom_padding=\u00bb||||false|false\u00bb][et_pb_row _builder_version=\u00bb4.9.1&#8243; _module_preset=\u00bbdefault\u00bb][et_pb_column type=\u00bb4_4&#8243; _builder_version=\u00bb4.9.1&#8243; _module_preset=\u00bbdefault\u00bb][et_pb_text _builder_version=\u00bb4.9.1&#8243; _module_preset=\u00bbdefault\u00bb] Dentro del derecho administrativo vengo prestando servicios en dos \u00e1reas espec\u00edficas: [\/et_pb_text][\/et_pb_column][\/et_pb_row][et_pb_row column_structure=\u00bb1_2,1_2&#8243; _builder_version=\u00bb4.9.1&#8243; _module_preset=\u00bbdefault\u00bb custom_padding=\u00bb50px|||||\u00bb][et_pb_column type=\u00bb1_2&#8243; _builder_version=\u00bb4.9.1&#8243; _module_preset=\u00bbdefault\u00bb][et_pb_text _builder_version=\u00bb4.9.1&#8243; _module_preset=\u00bbdefault\u00bb hover_enabled=\u00bb0&#8243; header_2_font=\u00bb|300|||||||\u00bb sticky_enabled=\u00bb0&#8243; header_2_font_size=\u00bb33px\u00bb header_2_letter_spacing=\u00bb-1px\u00bb [&hellip;]","og_url":"https:\/\/abogadassantander.com\/rosa-fernandez\/areas_de_especialidad\/derecho-administrativo\/","og_site_name":"Abogada en Santander Rosa Fern\u00e1ndez","article_modified_time":"2021-03-18T12:25:53+00:00","twitter_card":"summary_large_image","twitter_misc":{"Tiempo de lectura":"3 minutos"},"schema":{"@context":"https:\/\/schema.org","@graph":[{"@type":"WebSite","@id":"https:\/\/abogadassantander.com\/rosa-fernandez\/#website","url":"https:\/\/abogadassantander.com\/rosa-fernandez\/","name":"Abogada en Santander Rosa Fern\u00e1ndez","description":"Rosa Fern\u00e1ndez abogada especialista en Derecho de Familia, Derecho Laboral y Desahucios.","potentialAction":[{"@type":"SearchAction","target":{"@type":"EntryPoint","urlTemplate":"https:\/\/abogadassantander.com\/rosa-fernandez\/?s={search_term_string}"},"query-input":"required name=search_term_string"}],"inLanguage":"es"},{"@type":"WebPage","@id":"https:\/\/abogadassantander.com\/rosa-fernandez\/areas_de_especialidad\/derecho-administrativo\/#webpage","url":"https:\/\/abogadassantander.com\/rosa-fernandez\/areas_de_especialidad\/derecho-administrativo\/","name":"Derecho Administrativo - Abogada en Santander Rosa Fern\u00e1ndez","isPartOf":{"@id":"https:\/\/abogadassantander.com\/rosa-fernandez\/#website"},"datePublished":"2021-03-16T13:02:28+00:00","dateModified":"2021-03-18T12:25:53+00:00","breadcrumb":{"@id":"https:\/\/abogadassantander.com\/rosa-fernandez\/areas_de_especialidad\/derecho-administrativo\/#breadcrumb"},"inLanguage":"es","potentialAction":[{"@type":"ReadAction","target":["https:\/\/abogadassantander.com\/rosa-fernandez\/areas_de_especialidad\/derecho-administrativo\/"]}]},{"@type":"BreadcrumbList","@id":"https:\/\/abogadassantander.com\/rosa-fernandez\/areas_de_especialidad\/derecho-administrativo\/#breadcrumb","itemListElement":[{"@type":"ListItem","position":1,"name":"Portada","item":"https:\/\/abogadassantander.com\/rosa-fernandez\/"},{"@type":"ListItem","position":2,"name":"\u00c1reas","item":"https:\/\/abogadassantander.com\/rosa-fernandez\/areas_de_especialidad\/"},{"@type":"ListItem","position":3,"name":"Derecho Administrativo"}]}]}},"_links":{"self":[{"href":"https:\/\/abogadassantander.com\/rosa-fernandez\/wp-json\/wp\/v2\/pages\/653","targetHints":{"allow":["GET"]}}],"collection":[{"href":"https:\/\/abogadassantander.com\/rosa-fernandez\/wp-json\/wp\/v2\/pages"}],"about":[{"href":"https:\/\/abogadassantander.com\/rosa-fernandez\/wp-json\/wp\/v2\/types\/page"}],"author":[{"embeddable":true,"href":"https:\/\/abogadassantander.com\/rosa-fernandez\/wp-json\/wp\/v2\/users\/1"}],"replies":[{"embeddable":true,"href":"https:\/\/abogadassantander.com\/rosa-fernandez\/wp-json\/wp\/v2\/comments?post=653"}],"version-history":[{"count":12,"href":"https:\/\/abogadassantander.com\/rosa-fernandez\/wp-json\/wp\/v2\/pages\/653\/revisions"}],"predecessor-version":[{"id":839,"href":"https:\/\/abogadassantander.com\/rosa-fernandez\/wp-json\/wp\/v2\/pages\/653\/revisions\/839"}],"up":[{"embeddable":true,"href":"https:\/\/abogadassantander.com\/rosa-fernandez\/wp-json\/wp\/v2\/pages\/576"}],"wp:attachment":[{"href":"https:\/\/abogadassantander.com\/rosa-fernandez\/wp-json\/wp\/v2\/media?parent=653"}],"curies":[{"name":"wp","href":"https:\/\/api.w.org\/{rel}","templated":true}]}}