{"id":657,"date":"2021-03-16T13:03:12","date_gmt":"2021-03-16T13:03:12","guid":{"rendered":"https:\/\/abogadassantander.com\/rosa-fernandez\/?page_id=657"},"modified":"2021-03-18T12:32:22","modified_gmt":"2021-03-18T12:32:22","slug":"derecho-penal","status":"publish","type":"page","link":"https:\/\/abogadassantander.com\/rosa-fernandez\/areas_de_especialidad\/derecho-penal\/","title":{"rendered":"Derecho Penal"},"content":{"rendered":"<p>[et_pb_section fb_built=\u00bb1&#8243; fullwidth=\u00bbon\u00bb _builder_version=\u00bb4.9.0&#8243; _module_preset=\u00bbdefault\u00bb max_height=\u00bb250px\u00bb][et_pb_fullwidth_header title=\u00bbDerecho Penal\u00bb background_overlay_color=\u00bbrgba(152,195,212,0.46)\u00bb _builder_version=\u00bb4.9.0&#8243; _module_preset=\u00bbdefault\u00bb title_text_align=\u00bbcenter\u00bb background_color=\u00bbRGBA(0,0,0,0)\u00bb background_image=\u00bbhttps:\/\/abogadassantander.com\/rosa-fernandez\/wp-content\/uploads\/2021\/03\/f-s-abogadas-santander-oficina.jpg\u00bb min_height=\u00bb250px\u00bb max_height=\u00bb220px\u00bb text_shadow_style=\u00bbpreset2&#8243;][\/et_pb_fullwidth_header][\/et_pb_section][et_pb_section fb_built=\u00bb1&#8243; _builder_version=\u00bb4.9.1&#8243; _module_preset=\u00bbdefault\u00bb background_color=\u00bb#f7f7f7&#8243; min_height=\u00bb749.4px\u00bb custom_margin=\u00bb||||false|false\u00bb custom_padding=\u00bb||0px|0px|false|false\u00bb top_divider_color=\u00bb#FFFFFF\u00bb][et_pb_row _builder_version=\u00bb4.9.1&#8243; _module_preset=\u00bbdefault\u00bb][et_pb_column type=\u00bb4_4&#8243; _builder_version=\u00bb4.9.1&#8243; _module_preset=\u00bbdefault\u00bb][et_pb_text _builder_version=\u00bb4.9.1&#8243; _module_preset=\u00bbdefault\u00bb]<\/p>\n<p style=\"text-align: justify;\">Es indudable \u00a0que encontrarse involucrado en un proceso penal, ya sea como v\u00edctima o como acusado, supone siempre una situaci\u00f3n dif\u00edcil y delicada, ya que pueden verse afectados tu<strong>\u00a0libertad, tu \u00a0patrimonio y tu honor,\u00a0<\/strong>por ello mi despacho de\u00a0<strong>abogados en Santander <\/strong>constituye para ti la garant\u00eda para la protecci\u00f3n de tus derechos e intereses. No basta con conocer las leyes,<strong>\u00a0me caracterizo<\/strong>\u00a0por<strong>\u00a0incorporar a la defensa, la creatividad y el an\u00e1lisis pormenorizado de los hechos.\u00a0<\/strong><\/p>\n<p>[\/et_pb_text][\/et_pb_column][\/et_pb_row][et_pb_row column_structure=\u00bb1_2,1_2&#8243; _builder_version=\u00bb4.9.1&#8243; _module_preset=\u00bbdefault\u00bb custom_margin=\u00bb|auto|-19px|auto|false|false\u00bb custom_padding=\u00bb||4px||false|false\u00bb][et_pb_column type=\u00bb1_2&#8243; _builder_version=\u00bb4.9.1&#8243; _module_preset=\u00bbdefault\u00bb][et_pb_text _builder_version=\u00bb4.9.1&#8243; _module_preset=\u00bbdefault\u00bb]<\/p>\n<p><strong>\u2022 Asistencia al Detenido<\/strong><\/p>\n<p><strong>\u2022 Juicios R\u00e1pidos<\/strong><\/p>\n<p style=\"padding-left: 40px;\">Delitos contra la Seguridad del Tr\u00e1fico, Delitos contra el Patrimonio, Violencia de Genero, Delitos contra la Integridad f\u00edsica&#8230;<\/p>\n<p><strong>\u2022 Juicios de Delitos Leves<\/strong><\/p>\n<p><strong>\u2022 Procedimientos judiciales frente a Menores<\/strong><\/p>\n<p>[\/et_pb_text][\/et_pb_column][et_pb_column type=\u00bb1_2&#8243; _builder_version=\u00bb4.9.1&#8243; _module_preset=\u00bbdefault\u00bb][et_pb_image src=\u00bbhttps:\/\/abogadassantander.com\/rosa-fernandez\/wp-content\/uploads\/2021\/03\/derechopenal.jpg\u00bb title_text=\u00bbderechopenal\u00bb show_bottom_space=\u00bboff\u00bb align=\u00bbcenter\u00bb _builder_version=\u00bb4.9.1&#8243; _module_preset=\u00bbdefault\u00bb max_height=\u00bb259px\u00bb animation_style=\u00bbfold\u00bb animation_direction=\u00bbleft\u00bb border_width_all=\u00bb6px\u00bb border_color_all=\u00bb#FFFFFF\u00bb box_shadow_style=\u00bbpreset1&#8243;][\/et_pb_image][\/et_pb_column][\/et_pb_row][et_pb_row _builder_version=\u00bb4.9.1&#8243; _module_preset=\u00bbdefault\u00bb][et_pb_column type=\u00bb4_4&#8243; _builder_version=\u00bb4.9.1&#8243; _module_preset=\u00bbdefault\u00bb][et_pb_divider show_divider=\u00bboff\u00bb _builder_version=\u00bb4.9.1&#8243; _module_preset=\u00bbdefault\u00bb height=\u00bb80px\u00bb][\/et_pb_divider][\/et_pb_column][\/et_pb_row][\/et_pb_section][et_pb_section fb_built=\u00bb1&#8243; fullwidth=\u00bbon\u00bb _builder_version=\u00bb4.9.1&#8243; _module_preset=\u00bbdefault\u00bb][et_pb_fullwidth_header title=\u00bb \u00bfHablamos? \u00bb _builder_version=\u00bb4.9.1&#8243; _module_preset=\u00bbdefault\u00bb title_font=\u00bbRaleway|200|||||||\u00bb title_text_align=\u00bbcenter\u00bb title_font_size=\u00bb50px\u00bb title_letter_spacing=\u00bb-1px\u00bb content_font_size=\u00bb52px\u00bb content_letter_spacing=\u00bb-1px\u00bb content_line_height=\u00bb1.8em\u00bb use_background_color_gradient=\u00bbon\u00bb background_color_gradient_start=\u00bb#abc1d2&#8243; background_color_gradient_end=\u00bbrgba(171,193,210,0.83)\u00bb background_color_gradient_type=\u00bbradial\u00bb background_color_gradient_overlays_image=\u00bbon\u00bb background_image=\u00bbhttps:\/\/abogadassantander.com\/rosa-fernandez\/wp-content\/uploads\/2021\/03\/f-s-abogadas-santander-oficina-1.jpg\u00bb]<\/p>\n<p style=\"text-align: center;\"><span style=\"color: #ffffff;\"><a href=\"https:\/\/abogadassantander.com\/rosa-fernandez\/contacto\/\" style=\"color: #ffffff;\">Pide tu Cita<\/a><\/span><\/p>\n<p>[\/et_pb_fullwidth_header][\/et_pb_section][et_pb_section fb_built=\u00bb1&#8243; _builder_version=\u00bb4.9.1&#8243; _module_preset=\u00bbdefault\u00bb][et_pb_row _builder_version=\u00bb4.9.1&#8243; _module_preset=\u00bbdefault\u00bb][et_pb_column type=\u00bb4_4&#8243; _builder_version=\u00bb4.9.1&#8243; _module_preset=\u00bbdefault\u00bb][et_pb_divider show_divider=\u00bboff\u00bb _builder_version=\u00bb4.9.1&#8243; _module_preset=\u00bbdefault\u00bb height=\u00bb80px\u00bb][\/et_pb_divider][\/et_pb_column][\/et_pb_row][\/et_pb_section]<\/p>\n","protected":false},"excerpt":{"rendered":"<p>[et_pb_section fb_built=\u00bb1&#8243; fullwidth=\u00bbon\u00bb _builder_version=\u00bb4.9.0&#8243; _module_preset=\u00bbdefault\u00bb max_height=\u00bb250px\u00bb][et_pb_fullwidth_header title=\u00bbDerecho Penal\u00bb background_overlay_color=\u00bbrgba(152,195,212,0.46)\u00bb _builder_version=\u00bb4.9.0&#8243; _module_preset=\u00bbdefault\u00bb title_text_align=\u00bbcenter\u00bb background_color=\u00bbRGBA(0,0,0,0)\u00bb background_image=\u00bbhttps:\/\/abogadassantander.com\/rosa-fernandez\/wp-content\/uploads\/2021\/03\/f-s-abogadas-santander-oficina.jpg\u00bb min_height=\u00bb250px\u00bb max_height=\u00bb220px\u00bb text_shadow_style=\u00bbpreset2&#8243;][\/et_pb_fullwidth_header][\/et_pb_section][et_pb_section fb_built=\u00bb1&#8243; _builder_version=\u00bb4.9.1&#8243; _module_preset=\u00bbdefault\u00bb background_color=\u00bb#f7f7f7&#8243; min_height=\u00bb749.4px\u00bb custom_margin=\u00bb||||false|false\u00bb custom_padding=\u00bb||0px|0px|false|false\u00bb top_divider_color=\u00bb#FFFFFF\u00bb][et_pb_row _builder_version=\u00bb4.9.1&#8243; _module_preset=\u00bbdefault\u00bb][et_pb_column type=\u00bb4_4&#8243; _builder_version=\u00bb4.9.1&#8243; _module_preset=\u00bbdefault\u00bb][et_pb_text _builder_version=\u00bb4.9.1&#8243; _module_preset=\u00bbdefault\u00bb] Es indudable \u00a0que encontrarse involucrado en un proceso penal, ya sea como v\u00edctima o como acusado, supone siempre una situaci\u00f3n dif\u00edcil y delicada, [&hellip;]<\/p>\n","protected":false},"author":1,"featured_media":0,"parent":576,"menu_order":0,"comment_status":"closed","ping_status":"closed","template":"","meta":{"_et_pb_use_builder":"on","_et_pb_old_content":"","_et_gb_content_width":"","_joinchat":[],"footnotes":""},"class_list":["post-657","page","type-page","status-publish","hentry"],"yoast_head":"<!-- This site is optimized with the Yoast SEO plugin v18.0 - https:\/\/yoast.com\/wordpress\/plugins\/seo\/ -->\n<title>Derecho Penal - Abogada en Santander Rosa Fern\u00e1ndez<\/title>\n<meta name=\"robots\" content=\"index, follow, max-snippet:-1, max-image-preview:large, max-video-preview:-1\" \/>\n<link rel=\"canonical\" href=\"https:\/\/abogadassantander.com\/rosa-fernandez\/areas_de_especialidad\/derecho-penal\/\" \/>\n<meta property=\"og:locale\" content=\"es_ES\" \/>\n<meta property=\"og:type\" content=\"article\" \/>\n<meta property=\"og:title\" content=\"Derecho Penal - Abogada en Santander Rosa Fern\u00e1ndez\" \/>\n<meta property=\"og:description\" content=\"[et_pb_section fb_built=\u00bb1&#8243; fullwidth=\u00bbon\u00bb _builder_version=\u00bb4.9.0&#8243; _module_preset=\u00bbdefault\u00bb max_height=\u00bb250px\u00bb][et_pb_fullwidth_header title=\u00bbDerecho Penal\u00bb background_overlay_color=\u00bbrgba(152,195,212,0.46)\u00bb _builder_version=\u00bb4.9.0&#8243; _module_preset=\u00bbdefault\u00bb title_text_align=\u00bbcenter\u00bb background_color=\u00bbRGBA(0,0,0,0)\u00bb background_image=\u00bbhttps:\/\/abogadassantander.com\/rosa-fernandez\/wp-content\/uploads\/2021\/03\/f-s-abogadas-santander-oficina.jpg\u00bb min_height=\u00bb250px\u00bb max_height=\u00bb220px\u00bb text_shadow_style=\u00bbpreset2&#8243;][\/et_pb_fullwidth_header][\/et_pb_section][et_pb_section fb_built=\u00bb1&#8243; _builder_version=\u00bb4.9.1&#8243; _module_preset=\u00bbdefault\u00bb background_color=\u00bb#f7f7f7&#8243; min_height=\u00bb749.4px\u00bb custom_margin=\u00bb||||false|false\u00bb custom_padding=\u00bb||0px|0px|false|false\u00bb top_divider_color=\u00bb#FFFFFF\u00bb][et_pb_row _builder_version=\u00bb4.9.1&#8243; _module_preset=\u00bbdefault\u00bb][et_pb_column type=\u00bb4_4&#8243; _builder_version=\u00bb4.9.1&#8243; _module_preset=\u00bbdefault\u00bb][et_pb_text _builder_version=\u00bb4.9.1&#8243; _module_preset=\u00bbdefault\u00bb] Es indudable \u00a0que encontrarse involucrado en un proceso penal, ya sea como v\u00edctima o como acusado, supone siempre una situaci\u00f3n dif\u00edcil y delicada, [&hellip;]\" \/>\n<meta property=\"og:url\" content=\"https:\/\/abogadassantander.com\/rosa-fernandez\/areas_de_especialidad\/derecho-penal\/\" \/>\n<meta property=\"og:site_name\" content=\"Abogada en Santander Rosa Fern\u00e1ndez\" \/>\n<meta property=\"article:modified_time\" content=\"2021-03-18T12:32:22+00:00\" \/>\n<meta name=\"twitter:card\" content=\"summary_large_image\" \/>\n<meta name=\"twitter:label1\" content=\"Tiempo de lectura\" \/>\n\t<meta name=\"twitter:data1\" content=\"3 minutos\" \/>\n<script type=\"application\/ld+json\" class=\"yoast-schema-graph\">{\"@context\":\"https:\/\/schema.org\",\"@graph\":[{\"@type\":\"WebSite\",\"@id\":\"https:\/\/abogadassantander.com\/rosa-fernandez\/#website\",\"url\":\"https:\/\/abogadassantander.com\/rosa-fernandez\/\",\"name\":\"Abogada en Santander Rosa Fern\u00e1ndez\",\"description\":\"Rosa Fern\u00e1ndez abogada especialista en Derecho de Familia, Derecho Laboral y Desahucios.\",\"potentialAction\":[{\"@type\":\"SearchAction\",\"target\":{\"@type\":\"EntryPoint\",\"urlTemplate\":\"https:\/\/abogadassantander.com\/rosa-fernandez\/?s={search_term_string}\"},\"query-input\":\"required name=search_term_string\"}],\"inLanguage\":\"es\"},{\"@type\":\"WebPage\",\"@id\":\"https:\/\/abogadassantander.com\/rosa-fernandez\/areas_de_especialidad\/derecho-penal\/#webpage\",\"url\":\"https:\/\/abogadassantander.com\/rosa-fernandez\/areas_de_especialidad\/derecho-penal\/\",\"name\":\"Derecho Penal - Abogada en Santander Rosa Fern\u00e1ndez\",\"isPartOf\":{\"@id\":\"https:\/\/abogadassantander.com\/rosa-fernandez\/#website\"},\"datePublished\":\"2021-03-16T13:03:12+00:00\",\"dateModified\":\"2021-03-18T12:32:22+00:00\",\"breadcrumb\":{\"@id\":\"https:\/\/abogadassantander.com\/rosa-fernandez\/areas_de_especialidad\/derecho-penal\/#breadcrumb\"},\"inLanguage\":\"es\",\"potentialAction\":[{\"@type\":\"ReadAction\",\"target\":[\"https:\/\/abogadassantander.com\/rosa-fernandez\/areas_de_especialidad\/derecho-penal\/\"]}]},{\"@type\":\"BreadcrumbList\",\"@id\":\"https:\/\/abogadassantander.com\/rosa-fernandez\/areas_de_especialidad\/derecho-penal\/#breadcrumb\",\"itemListElement\":[{\"@type\":\"ListItem\",\"position\":1,\"name\":\"Portada\",\"item\":\"https:\/\/abogadassantander.com\/rosa-fernandez\/\"},{\"@type\":\"ListItem\",\"position\":2,\"name\":\"\u00c1reas\",\"item\":\"https:\/\/abogadassantander.com\/rosa-fernandez\/areas_de_especialidad\/\"},{\"@type\":\"ListItem\",\"position\":3,\"name\":\"Derecho Penal\"}]}]}<\/script>\n<!-- \/ Yoast SEO plugin. -->","yoast_head_json":{"title":"Derecho Penal - Abogada en Santander Rosa Fern\u00e1ndez","robots":{"index":"index","follow":"follow","max-snippet":"max-snippet:-1","max-image-preview":"max-image-preview:large","max-video-preview":"max-video-preview:-1"},"canonical":"https:\/\/abogadassantander.com\/rosa-fernandez\/areas_de_especialidad\/derecho-penal\/","og_locale":"es_ES","og_type":"article","og_title":"Derecho Penal - Abogada en Santander Rosa Fern\u00e1ndez","og_description":"[et_pb_section fb_built=\u00bb1&#8243; fullwidth=\u00bbon\u00bb _builder_version=\u00bb4.9.0&#8243; _module_preset=\u00bbdefault\u00bb max_height=\u00bb250px\u00bb][et_pb_fullwidth_header title=\u00bbDerecho Penal\u00bb background_overlay_color=\u00bbrgba(152,195,212,0.46)\u00bb _builder_version=\u00bb4.9.0&#8243; _module_preset=\u00bbdefault\u00bb title_text_align=\u00bbcenter\u00bb background_color=\u00bbRGBA(0,0,0,0)\u00bb background_image=\u00bbhttps:\/\/abogadassantander.com\/rosa-fernandez\/wp-content\/uploads\/2021\/03\/f-s-abogadas-santander-oficina.jpg\u00bb min_height=\u00bb250px\u00bb max_height=\u00bb220px\u00bb text_shadow_style=\u00bbpreset2&#8243;][\/et_pb_fullwidth_header][\/et_pb_section][et_pb_section fb_built=\u00bb1&#8243; _builder_version=\u00bb4.9.1&#8243; _module_preset=\u00bbdefault\u00bb background_color=\u00bb#f7f7f7&#8243; min_height=\u00bb749.4px\u00bb custom_margin=\u00bb||||false|false\u00bb custom_padding=\u00bb||0px|0px|false|false\u00bb top_divider_color=\u00bb#FFFFFF\u00bb][et_pb_row _builder_version=\u00bb4.9.1&#8243; _module_preset=\u00bbdefault\u00bb][et_pb_column type=\u00bb4_4&#8243; _builder_version=\u00bb4.9.1&#8243; _module_preset=\u00bbdefault\u00bb][et_pb_text _builder_version=\u00bb4.9.1&#8243; _module_preset=\u00bbdefault\u00bb] Es indudable \u00a0que encontrarse involucrado en un proceso penal, ya sea como v\u00edctima o como acusado, supone siempre una situaci\u00f3n dif\u00edcil y delicada, [&hellip;]","og_url":"https:\/\/abogadassantander.com\/rosa-fernandez\/areas_de_especialidad\/derecho-penal\/","og_site_name":"Abogada en Santander Rosa Fern\u00e1ndez","article_modified_time":"2021-03-18T12:32:22+00:00","twitter_card":"summary_large_image","twitter_misc":{"Tiempo de lectura":"3 minutos"},"schema":{"@context":"https:\/\/schema.org","@graph":[{"@type":"WebSite","@id":"https:\/\/abogadassantander.com\/rosa-fernandez\/#website","url":"https:\/\/abogadassantander.com\/rosa-fernandez\/","name":"Abogada en Santander Rosa Fern\u00e1ndez","description":"Rosa Fern\u00e1ndez abogada especialista en Derecho de Familia, Derecho Laboral y Desahucios.","potentialAction":[{"@type":"SearchAction","target":{"@type":"EntryPoint","urlTemplate":"https:\/\/abogadassantander.com\/rosa-fernandez\/?s={search_term_string}"},"query-input":"required name=search_term_string"}],"inLanguage":"es"},{"@type":"WebPage","@id":"https:\/\/abogadassantander.com\/rosa-fernandez\/areas_de_especialidad\/derecho-penal\/#webpage","url":"https:\/\/abogadassantander.com\/rosa-fernandez\/areas_de_especialidad\/derecho-penal\/","name":"Derecho Penal - Abogada en Santander Rosa Fern\u00e1ndez","isPartOf":{"@id":"https:\/\/abogadassantander.com\/rosa-fernandez\/#website"},"datePublished":"2021-03-16T13:03:12+00:00","dateModified":"2021-03-18T12:32:22+00:00","breadcrumb":{"@id":"https:\/\/abogadassantander.com\/rosa-fernandez\/areas_de_especialidad\/derecho-penal\/#breadcrumb"},"inLanguage":"es","potentialAction":[{"@type":"ReadAction","target":["https:\/\/abogadassantander.com\/rosa-fernandez\/areas_de_especialidad\/derecho-penal\/"]}]},{"@type":"BreadcrumbList","@id":"https:\/\/abogadassantander.com\/rosa-fernandez\/areas_de_especialidad\/derecho-penal\/#breadcrumb","itemListElement":[{"@type":"ListItem","position":1,"name":"Portada","item":"https:\/\/abogadassantander.com\/rosa-fernandez\/"},{"@type":"ListItem","position":2,"name":"\u00c1reas","item":"https:\/\/abogadassantander.com\/rosa-fernandez\/areas_de_especialidad\/"},{"@type":"ListItem","position":3,"name":"Derecho Penal"}]}]}},"_links":{"self":[{"href":"https:\/\/abogadassantander.com\/rosa-fernandez\/wp-json\/wp\/v2\/pages\/657","targetHints":{"allow":["GET"]}}],"collection":[{"href":"https:\/\/abogadassantander.com\/rosa-fernandez\/wp-json\/wp\/v2\/pages"}],"about":[{"href":"https:\/\/abogadassantander.com\/rosa-fernandez\/wp-json\/wp\/v2\/types\/page"}],"author":[{"embeddable":true,"href":"https:\/\/abogadassantander.com\/rosa-fernandez\/wp-json\/wp\/v2\/users\/1"}],"replies":[{"embeddable":true,"href":"https:\/\/abogadassantander.com\/rosa-fernandez\/wp-json\/wp\/v2\/comments?post=657"}],"version-history":[{"count":14,"href":"https:\/\/abogadassantander.com\/rosa-fernandez\/wp-json\/wp\/v2\/pages\/657\/revisions"}],"predecessor-version":[{"id":852,"href":"https:\/\/abogadassantander.com\/rosa-fernandez\/wp-json\/wp\/v2\/pages\/657\/revisions\/852"}],"up":[{"embeddable":true,"href":"https:\/\/abogadassantander.com\/rosa-fernandez\/wp-json\/wp\/v2\/pages\/576"}],"wp:attachment":[{"href":"https:\/\/abogadassantander.com\/rosa-fernandez\/wp-json\/wp\/v2\/media?parent=657"}],"curies":[{"name":"wp","href":"https:\/\/api.w.org\/{rel}","templated":true}]}}